{"id":38,"date":"2025-06-11T11:31:53","date_gmt":"2025-06-11T03:31:53","guid":{"rendered":"https:\/\/kw-artstudio.com\/?page_id=38"},"modified":"2025-08-15T17:31:07","modified_gmt":"2025-08-15T09:31:07","slug":"about","status":"publish","type":"page","link":"https:\/\/kw-artstudio.com\/de\/about\/","title":{"rendered":"\u00dcber mich"},"content":{"rendered":"<style>.elementor-38 .elementor-element.elementor-element-17ff28e{--display:flex;--flex-direction:row;--container-widget-width:initial;--container-widget-height:100%;--container-widget-flex-grow:1;--container-widget-align-self:stretch;--flex-wrap-mobile:wrap;--justify-content:space-between;--flex-wrap:wrap;--padding-top:50px;--padding-bottom:70px;--padding-left:0px;--padding-right:0px;}.elementor-38 .elementor-element.elementor-element-f40c518{width:100%;max-width:100%;}.elementor-38 .elementor-element.elementor-element-f40c518 > .elementor-widget-container{margin:0px 0px 0px 0px;}.elementor-38 .elementor-element.elementor-element-f40c518 .jeg-elementor-kit.jkit-heading{text-align:left;}.elementor-38 .elementor-element.elementor-element-f40c518 .jeg-elementor-kit.jkit-heading .heading-title{-webkit-box-decoration-break:clone;box-decoration-break:clone;display:inline;font-family:var( --e-global-typography-secondary-font-family ), Sans-serif;font-size:var( --e-global-typography-secondary-font-size );font-weight:var( --e-global-typography-secondary-font-weight );color:var( --e-global-color-primary );}.elementor-38 .elementor-element.elementor-element-f40c518 .jeg-elementor-kit.jkit-heading .heading-section-title{margin:10px 0px 10px 0px;}.elementor-38 .elementor-element.elementor-element-f40c518 .jeg-elementor-kit.jkit-heading .heading-title > span{color:var( --e-global-color-accent );}.elementor-38 .elementor-element.elementor-element-f40c518 .jeg-elementor-kit.jkit-heading .heading-section-subtitle{color:var( --e-global-color-accent );font-family:var( --e-global-typography-eb82eec-font-family ), Sans-serif;font-size:var( --e-global-typography-eb82eec-font-size );font-weight:var( --e-global-typography-eb82eec-font-weight );text-transform:var( --e-global-typography-eb82eec-text-transform );line-height:var( --e-global-typography-eb82eec-line-height );letter-spacing:var( --e-global-typography-eb82eec-letter-spacing );margin:0px 0px 0px 0px;}.elementor-38 .elementor-element.elementor-element-b0c371b{--display:flex;--justify-content:flex-start;--margin-top:0px;--margin-bottom:0px;--margin-left:0px;--margin-right:0px;}.elementor-38 .elementor-element.elementor-element-b0c371b:not(.elementor-motion-effects-element-type-background), .elementor-38 .elementor-element.elementor-element-b0c371b > .elementor-motion-effects-container > .elementor-motion-effects-layer{background-image:url(\"https:\/\/i0.wp.com\/kw-artstudio.com\/wp-content\/uploads\/2025\/08\/kevin.jpg?fit=1034%2C1049&ssl=1\");background-position:25% 0px;background-repeat:no-repeat;background-size:cover;}.elementor-38 .elementor-element.elementor-element-b0c371b.e-con{--align-self:flex-start;}.elementor-38 .elementor-element.elementor-element-f20e6f4{--spacer-size:627px;width:100%;max-width:100%;}.elementor-38 .elementor-element.elementor-element-ae6f27b{--display:flex;--justify-content:space-between;--padding-top:0px;--padding-bottom:0px;--padding-left:0px;--padding-right:0px;}.elementor-38 .elementor-element.elementor-element-e0e7b22{width:100%;max-width:100%;text-align:left;font-family:var( --e-global-typography-text-font-family ), Sans-serif;font-size:var( --e-global-typography-text-font-size );font-weight:var( --e-global-typography-text-font-weight );text-transform:var( --e-global-typography-text-text-transform );text-decoration:var( --e-global-typography-text-text-decoration );line-height:var( --e-global-typography-text-line-height );color:var( --e-global-color-text );}.elementor-38 .elementor-element.elementor-element-1125867{--display:flex;--flex-direction:row;--container-widget-width:calc( ( 1 - var( --container-widget-flex-grow ) ) * 100% );--container-widget-height:100%;--container-widget-flex-grow:1;--container-widget-align-self:stretch;--flex-wrap-mobile:wrap;--align-items:center;--gap:40px 40px;--row-gap:40px;--column-gap:40px;}.elementor-38 .elementor-element.elementor-element-cda0717{width:var( --container-widget-width, 50% );max-width:50%;--container-widget-width:50%;--container-widget-flex-grow:0;}.elementor-38 .elementor-element.elementor-element-cda0717 img{width:100%;}.elementor-38 .elementor-element.elementor-element-65fc4a0{width:var( --container-widget-width, 100% );max-width:100%;--container-widget-width:100%;--container-widget-flex-grow:0;text-align:left;font-family:var( --e-global-typography-text-font-family ), Sans-serif;font-size:var( --e-global-typography-text-font-size );font-weight:var( --e-global-typography-text-font-weight );text-transform:var( --e-global-typography-text-text-transform );text-decoration:var( --e-global-typography-text-text-decoration );line-height:var( --e-global-typography-text-line-height );color:var( --e-global-color-text );}.elementor-38 .elementor-element.elementor-element-65fc4a0 > .elementor-widget-container{margin:0px 0px -13px 0px;}@media(max-width:1024px){.elementor-38 .elementor-element.elementor-element-17ff28e{--padding-top:80px;--padding-bottom:80px;--padding-left:20px;--padding-right:20px;}.elementor-38 .elementor-element.elementor-element-f40c518 .jeg-elementor-kit.jkit-heading .heading-title{font-size:var( --e-global-typography-secondary-font-size );}.elementor-38 .elementor-element.elementor-element-f40c518 .jeg-elementor-kit.jkit-heading .heading-section-subtitle{font-size:var( --e-global-typography-eb82eec-font-size );line-height:var( --e-global-typography-eb82eec-line-height );letter-spacing:var( --e-global-typography-eb82eec-letter-spacing );}.elementor-38 .elementor-element.elementor-element-b0c371b:not(.elementor-motion-effects-element-type-background), .elementor-38 .elementor-element.elementor-element-b0c371b > .elementor-motion-effects-container > .elementor-motion-effects-layer{background-position:0% 0px;}.elementor-38 .elementor-element.elementor-element-f20e6f4{--spacer-size:600px;width:100%;max-width:100%;}.elementor-38 .elementor-element.elementor-element-e0e7b22{font-size:var( --e-global-typography-text-font-size );line-height:var( --e-global-typography-text-line-height );}.elementor-38 .elementor-element.elementor-element-65fc4a0{font-size:var( --e-global-typography-text-font-size );line-height:var( --e-global-typography-text-line-height );}}@media(max-width:767px){.elementor-38 .elementor-element.elementor-element-f40c518 .jeg-elementor-kit.jkit-heading .heading-title{font-size:var( --e-global-typography-secondary-font-size );}.elementor-38 .elementor-element.elementor-element-f40c518 .jeg-elementor-kit.jkit-heading .heading-section-subtitle{font-size:var( --e-global-typography-eb82eec-font-size );line-height:var( --e-global-typography-eb82eec-line-height );letter-spacing:var( --e-global-typography-eb82eec-letter-spacing );}.elementor-38 .elementor-element.elementor-element-b0c371b:not(.elementor-motion-effects-element-type-background), .elementor-38 .elementor-element.elementor-element-b0c371b > .elementor-motion-effects-container > .elementor-motion-effects-layer{background-position:0% 0px;}.elementor-38 .elementor-element.elementor-element-f20e6f4{--spacer-size:390px;}.elementor-38 .elementor-element.elementor-element-e0e7b22{font-size:var( --e-global-typography-text-font-size );line-height:var( --e-global-typography-text-line-height );}.elementor-38 .elementor-element.elementor-element-65fc4a0{font-size:var( --e-global-typography-text-font-size );line-height:var( --e-global-typography-text-line-height );}}@media(min-width:768px){.elementor-38 .elementor-element.elementor-element-17ff28e{--content-width:1290px;}.elementor-38 .elementor-element.elementor-element-b0c371b{--width:35%;}.elementor-38 .elementor-element.elementor-element-ae6f27b{--width:60%;}}@media(max-width:1024px) and (min-width:768px){.elementor-38 .elementor-element.elementor-element-b0c371b{--width:100%;}.elementor-38 .elementor-element.elementor-element-ae6f27b{--width:100%;}}<\/style>\t\t<div data-elementor-type=\"wp-page\" data-elementor-id=\"38\" class=\"elementor elementor-38\" data-elementor-post-type=\"page\">\n\t\t\t\t<div class=\"elementor-element elementor-element-17ff28e e-flex e-con-boxed e-con e-parent\" data-id=\"17ff28e\" data-element_type=\"container\">\n\t\t\t\t\t<div class=\"e-con-inner\">\n\t\t\t\t<div class=\"elementor-element elementor-element-f40c518 elementor-widget__width-inherit elementor-widget elementor-widget-jkit_heading\" data-id=\"f40c518\" data-element_type=\"widget\" data-widget_type=\"jkit_heading.default\">\n\t\t\t\t<div class=\"elementor-widget-container\">\n\t\t\t\t\t<div  class=\"jeg-elementor-kit jkit-heading  align- align-tablet- align-mobile- jeg_module___69e452f0ab512\" ><h3 class=\"heading-section-subtitle  style-color\">\u00dcber mich<\/h3><div class=\"heading-section-title  display-inline-block\"><h2 class=\"heading-title\">Von Design angetrieben \u2013 Die Geschichte hinter meiner Kunst<span class=\"style-color\"><span>.<\/span><\/span><\/h2><\/div><\/div>\t\t\t\t<\/div>\n\t\t\t\t<\/div>\n\t\t<div class=\"elementor-element elementor-element-b0c371b e-con-full e-flex e-con e-child\" data-id=\"b0c371b\" data-element_type=\"container\" data-settings=\"{&quot;background_background&quot;:&quot;classic&quot;}\">\n\t\t\t\t<div class=\"elementor-element elementor-element-f20e6f4 elementor-widget-tablet__width-inherit elementor-widget__width-inherit elementor-widget elementor-widget-spacer\" data-id=\"f20e6f4\" data-element_type=\"widget\" data-widget_type=\"spacer.default\">\n\t\t\t\t<div class=\"elementor-widget-container\">\n\t\t\t\t\t\t\t<div class=\"elementor-spacer\">\n\t\t\t<div class=\"elementor-spacer-inner\"><\/div>\n\t\t<\/div>\n\t\t\t\t\t\t<\/div>\n\t\t\t\t<\/div>\n\t\t\t\t<\/div>\n\t\t<div class=\"elementor-element elementor-element-ae6f27b e-con-full e-flex e-con e-child\" data-id=\"ae6f27b\" data-element_type=\"container\">\n\t\t\t\t<div class=\"elementor-element elementor-element-e0e7b22 elementor-widget__width-inherit elementor-widget elementor-widget-text-editor\" data-id=\"e0e7b22\" data-element_type=\"widget\" data-widget_type=\"text-editor.default\">\n\t\t\t\t<div class=\"elementor-widget-container\">\n\t\t\t\t\t\t\t\t\t<p>Mein Name ist Kevin Wermer und ich bin der Gr\u00fcnder sowie das kreative Herz hinter KW Artstudio. Ich bin Autodidakt mit einer tiefen Faszination f\u00fcr Maschinen, Pr\u00e4zision und modernes Design.\nMein Weg in die Kunstwelt begann im europ\u00e4ischen Kunstmarkt, wo ich \u00fcber Jahre hinweg hochwertige Kunstwerke auf internationalen Ausstellungen und Messen kuratiert, pr\u00e4sentiert und verkauft habe. Diese Erfahrung lehrte mich nicht nur, wie man Kunst erschafft, sondern auch, wie man eine Geschichte erz\u00e4hlt \u2013 eine Geschichte, die es Menschen erm\u00f6glicht, eine emotionale Verbindung zu einem Werk aufzubauen.<\/p><p>Schon immer hat mich die mechanische Sch\u00f6nheit fasziniert \u2013 Motoren, technische Zeichnungen und die zeitlose \u00c4sthetik ikonischer Maschinen. In meinen Arbeiten verbinde ich technische Pr\u00e4zision mit einem expressiven, handgemalten Stil, um gro\u00dfformatige, blueprint-inspirierte Gem\u00e4lde zu schaffen. Jede Linie entsteht freih\u00e4ndig, und jede Komposition wird sorgf\u00e4ltig geplant, sodass kein Werk dem anderen gleicht.<\/p><p>Von meinem Standort auf Bali arbeite ich eng mit talentierten lokalen K\u00fcnstlern zusammen, um meine Visionen zum Leben zu erwecken. Diese Umgebung erlaubt es mir, globale Inspiration mit handwerklicher Meisterkunst zu verbinden. Mein Ziel ist es, Kunstwerke zu schaffen, die Gespr\u00e4che anregen, technische Meisterleistungen feiern und zeitloses Design in jeden Raum bringen. F\u00fcr mich geht es bei Kunst nicht nur um das, was man sieht \u2013 sondern um die Emotionen und Erinnerungen, die sie im Betrachter weckt.<\/p>\t\t\t\t\t\t\t\t<\/div>\n\t\t\t\t<\/div>\n\t\t<div class=\"elementor-element elementor-element-1125867 e-con-full e-flex e-con e-child\" data-id=\"1125867\" data-element_type=\"container\">\n\t\t\t\t<div class=\"elementor-element elementor-element-cda0717 elementor-widget__width-initial elementor-widget elementor-widget-image\" data-id=\"cda0717\" data-element_type=\"widget\" data-widget_type=\"image.default\">\n\t\t\t\t<div class=\"elementor-widget-container\">\n\t\t\t\t\t\t\t\t\t\t\t\t\t\t\t<img fetchpriority=\"high\" decoding=\"async\" width=\"468\" height=\"485\" src=\"https:\/\/i0.wp.com\/kw-artstudio.com\/wp-content\/uploads\/2025\/08\/image-2.jpg?fit=468%2C485&amp;ssl=1\" class=\"attachment-full size-full wp-image-1710\" alt=\"image 2 - KW ArtStudio\" srcset=\"https:\/\/i0.wp.com\/kw-artstudio.com\/wp-content\/uploads\/2025\/08\/image-2.jpg?w=468&amp;ssl=1 468w, https:\/\/i0.wp.com\/kw-artstudio.com\/wp-content\/uploads\/2025\/08\/image-2.jpg?resize=289%2C300&amp;ssl=1 289w, https:\/\/i0.wp.com\/kw-artstudio.com\/wp-content\/uploads\/2025\/08\/image-2.jpg?resize=12%2C12&amp;ssl=1 12w\" sizes=\"(max-width: 468px) 100vw, 468px\" \/>\t\t\t\t\t\t\t\t\t\t\t\t\t\t\t<\/div>\n\t\t\t\t<\/div>\n\t\t\t\t<div class=\"elementor-element elementor-element-65fc4a0 elementor-widget__width-initial elementor-widget elementor-widget-text-editor\" data-id=\"65fc4a0\" data-element_type=\"widget\" data-widget_type=\"text-editor.default\">\n\t\t\t\t<div class=\"elementor-widget-container\">\n\t\t\t\t\t\t\t\t\t<p>KW Artstudio steht f\u00fcr gro\u00dfformatige Originalgem\u00e4lde und Fine-Art-Prints, die die Kunst der Maschine zelebrieren. Meine Vision ist es, technische Meisterwerke nicht nur als ingenieurtechnische Errungenschaften, sondern als eigenst\u00e4ndige Kunstwerke zu pr\u00e4sentieren \u2013 eine Verschmelzung von Design, Pr\u00e4zision und Emotion.<\/p><p>Jedes Werk soll eine Verbindung zum Betrachter schaffen \u2013 nicht nur zu dem dargestellten Objekt, sondern auch zu den Geschichten, Tr\u00e4umen und Innovationen dahinter. KW Artstudio verbindet handgemalte Pr\u00e4zision, k\u00fcnstlerische Freiheit und eine klare, zeitgem\u00e4\u00dfe Bildsprache, um Sammlern und Designliebhabern exklusive Kunstwerke zu bieten, die in jedem Raum ein Statement setzen.<\/p>\t\t\t\t\t\t\t\t<\/div>\n\t\t\t\t<\/div>\n\t\t\t\t<\/div>\n\t\t\t\t<\/div>\n\t\t\t\t\t<\/div>\n\t\t\t\t<\/div>\n\t\t\t\t<\/div>","protected":false},"excerpt":{"rendered":"<p>About Driven by Design The Story Behind My Art. My name is Kevin Wermer, and I am the founder and creative mind behind KW Artstudio. I am a self-taught designer with a deep fascination for machines, precision, and modern design. My journey into the art world began in the European art market, where I spent [&hellip;]<\/p>","protected":false},"author":1,"featured_media":0,"parent":0,"menu_order":0,"comment_status":"closed","ping_status":"closed","template":"elementor_header_footer","meta":{"footnotes":""},"class_list":["post-38","page","type-page","status-publish","hentry"],"jetpack_sharing_enabled":true,"_links":{"self":[{"href":"https:\/\/kw-artstudio.com\/de\/wp-json\/wp\/v2\/pages\/38","targetHints":{"allow":["GET"]}}],"collection":[{"href":"https:\/\/kw-artstudio.com\/de\/wp-json\/wp\/v2\/pages"}],"about":[{"href":"https:\/\/kw-artstudio.com\/de\/wp-json\/wp\/v2\/types\/page"}],"author":[{"embeddable":true,"href":"https:\/\/kw-artstudio.com\/de\/wp-json\/wp\/v2\/users\/1"}],"replies":[{"embeddable":true,"href":"https:\/\/kw-artstudio.com\/de\/wp-json\/wp\/v2\/comments?post=38"}],"version-history":[{"count":99,"href":"https:\/\/kw-artstudio.com\/de\/wp-json\/wp\/v2\/pages\/38\/revisions"}],"predecessor-version":[{"id":1762,"href":"https:\/\/kw-artstudio.com\/de\/wp-json\/wp\/v2\/pages\/38\/revisions\/1762"}],"wp:attachment":[{"href":"https:\/\/kw-artstudio.com\/de\/wp-json\/wp\/v2\/media?parent=38"}],"curies":[{"name":"wp","href":"https:\/\/api.w.org\/{rel}","templated":true}]}}