{"id":1613,"date":"2025-08-13T13:57:10","date_gmt":"2025-08-13T05:57:10","guid":{"rendered":"https:\/\/kw-artstudio.com\/?post_type=product&#038;p=1613"},"modified":"2025-08-25T22:29:30","modified_gmt":"2025-08-25T14:29:30","slug":"ferrari-250-gto-heart-of-a-legend-original","status":"publish","type":"product","link":"https:\/\/kw-artstudio.com\/de\/produkt\/ferrari-250-gto-heart-of-a-legend-original\/","title":{"rendered":"Ferrari 250 GTO &#8211; Heart of a Legend (Original)"},"content":{"rendered":"<p class=\"p1\"><strong><span class=\"s1\">110 \u00d7 160 cm | Acryl auf Leinwand | 1 von 1 Originalkunstwerk<\/span><\/strong><\/p>\n<p class=\"p1\"><span class=\"s2\"><strong>\u201cHeart of a Legend\u201d<\/strong> ist eine Hommage an den <strong>Ferrari 250 GTO<\/strong> \u2013 eines der begehrtesten Fahrzeuge der Automobilgeschichte. Die Karosserie ist in pr\u00e4zisen wei\u00dfen Linien gezeichnet, w\u00e4hrend der legend\u00e4re V12-Motor in leuchtendem Cadmium Orange Hue kraftvoll in den Vordergrund tritt.<\/span><\/p>\n<p class=\"p1\"><span class=\"s2\">Vollst\u00e4ndig freih\u00e4ndig gemalt mit Winsor &amp; Newton Professional Acrylics auf 100 % Baumwollleinwand in Galeriequalit\u00e4t, vereint dieses einzigartige Werk technische Pr\u00e4zision mit k\u00fcnstlerischem Ausdruck. Der strukturierte, rauchige Hintergrund verleiht dem Bild Tiefe und l\u00e4sst die technischen Linien scheinbar im Raum schweben. Geliefert mit einem signierten Echtheitszertifikat.<\/span><\/p>\n<p class=\"p1\"><span class=\"s2\">Endpreise ohne MwSt., Importsteuern\/Z\u00f6lle tr\u00e4gt der K\u00e4ufer<\/span><\/p>\n<p>&nbsp;<\/p>","protected":false},"excerpt":{"rendered":"<p class=\"p1\"><span class=\"s1\">Einzelst\u00fcck \u2013 Originalgem\u00e4lde Ferrari 250 GTO, 110 \u00d7 160 cm, Acryl auf Leinwand.\nFreih\u00e4ndig im Blueprint-Stil gemalt, Premium-Winsor-&amp;-Newton-Farben, Zertifikat inklusive.<\/span><\/p>","protected":false},"featured_media":1694,"template":"","meta":[],"product_brand":[],"product_cat":[26],"product_tag":[],"class_list":{"0":"post-1613","1":"product","2":"type-product","3":"status-publish","4":"has-post-thumbnail","6":"product_cat-originals","7":"product_shipping_class-originals","9":"first","10":"instock","11":"sold-individually","12":"purchasable","13":"product-type-simple"},"jetpack_sharing_enabled":true,"_links":{"self":[{"href":"https:\/\/kw-artstudio.com\/de\/wp-json\/wp\/v2\/product\/1613","targetHints":{"allow":["GET"]}}],"collection":[{"href":"https:\/\/kw-artstudio.com\/de\/wp-json\/wp\/v2\/product"}],"about":[{"href":"https:\/\/kw-artstudio.com\/de\/wp-json\/wp\/v2\/types\/product"}],"wp:featuredmedia":[{"embeddable":true,"href":"https:\/\/kw-artstudio.com\/de\/wp-json\/wp\/v2\/media\/1694"}],"wp:attachment":[{"href":"https:\/\/kw-artstudio.com\/de\/wp-json\/wp\/v2\/media?parent=1613"}],"wp:term":[{"taxonomy":"product_brand","embeddable":true,"href":"https:\/\/kw-artstudio.com\/de\/wp-json\/wp\/v2\/product_brand?post=1613"},{"taxonomy":"product_cat","embeddable":true,"href":"https:\/\/kw-artstudio.com\/de\/wp-json\/wp\/v2\/product_cat?post=1613"},{"taxonomy":"product_tag","embeddable":true,"href":"https:\/\/kw-artstudio.com\/de\/wp-json\/wp\/v2\/product_tag?post=1613"}],"curies":[{"name":"wp","href":"https:\/\/api.w.org\/{rel}","templated":true}]}}